{"id":30,"date":"2014-05-16T18:42:22","date_gmt":"2014-05-16T23:42:22","guid":{"rendered":"http:\/\/localhost:8888\/wordpress\/myriad\/?page_id=16"},"modified":"2025-06-25T09:47:40","modified_gmt":"2025-06-25T14:47:40","slug":"nosotros","status":"publish","type":"page","link":"https:\/\/www.taski.com.ec\/?page_id=30","title":{"rendered":"NOSOTROS"},"content":{"rendered":"<p><img fetchpriority=\"high\" decoding=\"async\" src=\"https:\/\/www.taski.com.ec\/wp-content\/uploads\/2021\/05\/PUBLICACION-NOSOTROS_TASKI_2-scaled.jpg\" sizes=\"(max-width: 2560px) 100vw, 2560px\" srcset=\"https:\/\/www.taski.com.ec\/wp-content\/uploads\/2021\/05\/PUBLICACION-NOSOTROS_TASKI_2-scaled.jpg 2560w, https:\/\/www.taski.com.ec\/wp-content\/uploads\/2021\/05\/PUBLICACION-NOSOTROS_TASKI_2-300x103.jpg 300w, https:\/\/www.taski.com.ec\/wp-content\/uploads\/2021\/05\/PUBLICACION-NOSOTROS_TASKI_2-1024x351.jpg 1024w, https:\/\/www.taski.com.ec\/wp-content\/uploads\/2021\/05\/PUBLICACION-NOSOTROS_TASKI_2-768x263.jpg 768w, https:\/\/www.taski.com.ec\/wp-content\/uploads\/2021\/05\/PUBLICACION-NOSOTROS_TASKI_2-1536x526.jpg 1536w, https:\/\/www.taski.com.ec\/wp-content\/uploads\/2021\/05\/PUBLICACION-NOSOTROS_TASKI_2-2048x701.jpg 2048w\" alt=\"\" width=\"2560\" height=\"877\" \/><\/p>\n<p>Somos una empresa que tiene experiencia de m\u00e1s de 30 a\u00f1os en la producci\u00f3n de documentos de seguridad atendiendo requisitos de instituciones p\u00fablicas y privadas. Para garantizar el sistema de gesti\u00f3n de calidad TASKI SA opt\u00f3 por la certificaci\u00f3n de la Superintendencia de Bancos y Seguros, quien mediante Resoluci\u00f3n SBS-2012-1084, le aprob\u00f3 como Instituci\u00f3n complementaria del Sistema Financiero Nacional, para la elaboraci\u00f3n de documentos de seguridad y cheques.<\/p>\n<p>Mediante Resoluci\u00f3n No. 359-D-ANT- 2015, del 9 de julio de 2015, la ANT autoriza a los Gobiernos Aut\u00f3nomos Descentralizados y Mancomunidades Municipales la emisi\u00f3n de T\u00edtulos Habilitantes para la Matr\u00edcula Vehicular y Adhesivos de Seguridad Hologr\u00e1ficos Revisi\u00f3n Vehicular en el \u00e1mbito de sus circunscripciones, de conformidad con las disposiciones de la Ley Org\u00e1nica de Transporte Terrestre, Tr\u00e1nsito y Seguridad Vial y su Reglamento, por tanto, deben elaborar sus propios documentos de seguridad, de acuerdo a los formatos establecidos en la Resoluci\u00f3n N \u00b0 359 de la Agencia Nacional de Tr\u00e1nsito, con aplicaci\u00f3n al sistema de impresi\u00f3n de documentos de seguridad AXIS 4.0, por lo que TASKI SA incorpora su sistema de producci\u00f3n de documentos de seguridad de movilidad.<\/p>\n<p>La ANT aprob\u00f3 a TASKI SA los dise\u00f1os para la emisi\u00f3n de los T\u00edtulos Habilitantes para Matr\u00edcula, Revisi\u00f3n Vehicular y Motos, adem\u00e1s, desarroll\u00f3 dise\u00f1os de seguridad para diversos requerimientos de documentos de movilidad: T\u00edtulos Habilitantes Operacionales; identificaci\u00f3n de unidades de transporte terrestre p\u00fablico, comercial, y por cuenta propia; originaciones hologr\u00e1ficas de alta tecnolog\u00eda que utilizan a los documentos de seguridad en infalsificables.<\/p>\n<p><img decoding=\"async\" class=\"alignleft\" src=\"https:\/\/www.taski.com.ec\/wp-content\/uploads\/2021\/05\/ICONO_MISION_TASKI-copia-150x150.jpg\" sizes=\"(max-width: 150px) 100vw, 150px\" srcset=\"https:\/\/www.taski.com.ec\/wp-content\/uploads\/2021\/05\/ICONO_MISION_TASKI-copia-150x150.jpg 150w, https:\/\/www.taski.com.ec\/wp-content\/uploads\/2021\/05\/ICONO_MISION_TASKI-copia-300x300.jpg 300w, https:\/\/www.taski.com.ec\/wp-content\/uploads\/2021\/05\/ICONO_MISION_TASKI-copia-1024x1024.jpg 1024w, https:\/\/www.taski.com.ec\/wp-content\/uploads\/2021\/05\/ICONO_MISION_TASKI-copia-768x768.jpg 768w, https:\/\/www.taski.com.ec\/wp-content\/uploads\/2021\/05\/ICONO_MISION_TASKI-copia.jpg 1190w\" alt=\"\" width=\"150\" height=\"150\" \/><\/p>\n<p>&nbsp;<\/p>\n<h3 style=\"text-align: left;\"><strong>MISI\u00d3N<\/strong><\/h3>\n<p>Brindamos soluciones de documentos de seguridad y servicios de industria gr\u00e1fica con innovaci\u00f3n tecnol\u00f3gica y personal competente, mediante un Sistema de Gesti\u00f3n de Calidad fundamentado en los principios de eficiencia operativa, integridad y protecci\u00f3n de la informaci\u00f3n. Ofrecemos productos costo-efectivos, adaptados a las necesidades de nuestros clientes, respaldados por tecnolog\u00eda avanzada y procesos responsables.<\/p>\n<p>&nbsp;<\/p>\n<hr \/>\n<p><img decoding=\"async\" class=\"alignleft\" src=\"https:\/\/www.taski.com.ec\/wp-content\/uploads\/2021\/05\/ICONO_VISION_TASKI_3-150x150.jpg\" sizes=\"(max-width: 150px) 100vw, 150px\" srcset=\"https:\/\/www.taski.com.ec\/wp-content\/uploads\/2021\/05\/ICONO_VISION_TASKI_3-150x150.jpg 150w, https:\/\/www.taski.com.ec\/wp-content\/uploads\/2021\/05\/ICONO_VISION_TASKI_3.jpg 300w\" alt=\"\" width=\"150\" height=\"150\" \/><\/p>\n<p>&nbsp;<\/p>\n<h3 style=\"text-align: left;\"><strong>VISI\u00d3N<\/strong><\/h3>\n<p>Ser una empresa l\u00edder en el desarrollo de soluciones gr\u00e1ficas, de documentos de seguridad e innovaci\u00f3n tecnol\u00f3gica, reconocida por la excelencia de sus productos, el compromiso con altos est\u00e1ndares de calidad, la sostenibilidad y la protecci\u00f3n de la informaci\u00f3n. Aspiramos a consolidarnos como un referente en m\u00faltiples l\u00edneas de negocio, generando confianza en nuestros clientes.<\/p>\n<p>&nbsp;<\/p>\n<hr \/>\n<h3><img loading=\"lazy\" decoding=\"async\" class=\"alignleft\" src=\"https:\/\/www.taski.com.ec\/wp-content\/uploads\/2021\/05\/ICONO_VALORES_TASKI-copia-150x150.jpg\" sizes=\"(max-width: 150px) 100vw, 150px\" srcset=\"https:\/\/www.taski.com.ec\/wp-content\/uploads\/2021\/05\/ICONO_VALORES_TASKI-copia-150x150.jpg 150w, https:\/\/www.taski.com.ec\/wp-content\/uploads\/2021\/05\/ICONO_VALORES_TASKI-copia-300x300.jpg 300w, https:\/\/www.taski.com.ec\/wp-content\/uploads\/2021\/05\/ICONO_VALORES_TASKI-copia-1024x1024.jpg 1024w, https:\/\/www.taski.com.ec\/wp-content\/uploads\/2021\/05\/ICONO_VALORES_TASKI-copia-768x768.jpg 768w, https:\/\/www.taski.com.ec\/wp-content\/uploads\/2021\/05\/ICONO_VALORES_TASKI-copia.jpg 1190w\" alt=\"\" width=\"150\" height=\"150\" \/><b>VALORES<\/b><\/h3>\n<p><b>\u00a0Institucionales: <\/b>Innovaci\u00f3n, Calidad, Responsabilidad, Integridad, Tolerancia.<\/p>\n<p><b>De los Colaboradores: <\/b>Honestidad, Compromiso, Trabajo en equipo, Proactividad, Respeto y \u00c9tica.<\/p>\n<p><b>Del Servicio: <\/b>Enfoque al cliente, Confidencialidad, Puntualidad, Amabilidad, Transparencia y Adaptabilidad<\/p>\n","protected":false},"excerpt":{"rendered":"<p>Somos una empresa que tiene experiencia de m\u00e1s de 30 a\u00f1os en la producci\u00f3n de documentos de seguridad atendiendo requisitos de instituciones p\u00fablicas y privadas. Para garantizar el sistema de gesti\u00f3n de calidad TASKI SA opt\u00f3 por la certificaci\u00f3n de la Superintendencia de Bancos y Seguros, quien mediante Resoluci\u00f3n SBS-2012-1084, le aprob\u00f3 como Instituci\u00f3n complementaria [&hellip;]<\/p>\n","protected":false},"author":1,"featured_media":0,"parent":0,"menu_order":0,"comment_status":"closed","ping_status":"closed","template":"","meta":{"footnotes":""},"class_list":["post-30","page","type-page","status-publish","hentry"],"_links":{"self":[{"href":"https:\/\/www.taski.com.ec\/index.php?rest_route=\/wp\/v2\/pages\/30","targetHints":{"allow":["GET"]}}],"collection":[{"href":"https:\/\/www.taski.com.ec\/index.php?rest_route=\/wp\/v2\/pages"}],"about":[{"href":"https:\/\/www.taski.com.ec\/index.php?rest_route=\/wp\/v2\/types\/page"}],"author":[{"embeddable":true,"href":"https:\/\/www.taski.com.ec\/index.php?rest_route=\/wp\/v2\/users\/1"}],"replies":[{"embeddable":true,"href":"https:\/\/www.taski.com.ec\/index.php?rest_route=%2Fwp%2Fv2%2Fcomments&post=30"}],"version-history":[{"count":181,"href":"https:\/\/www.taski.com.ec\/index.php?rest_route=\/wp\/v2\/pages\/30\/revisions"}],"predecessor-version":[{"id":2034,"href":"https:\/\/www.taski.com.ec\/index.php?rest_route=\/wp\/v2\/pages\/30\/revisions\/2034"}],"wp:attachment":[{"href":"https:\/\/www.taski.com.ec\/index.php?rest_route=%2Fwp%2Fv2%2Fmedia&parent=30"}],"curies":[{"name":"wp","href":"https:\/\/api.w.org\/{rel}","templated":true}]}}